{"id":4,"date":"2016-09-15T10:42:00","date_gmt":"2016-09-15T13:42:00","guid":{"rendered":"http:\/\/mimanutencao.com.br\/site\/?page_id=4"},"modified":"2016-10-25T12:01:10","modified_gmt":"2016-10-25T14:01:10","slug":"m-i-manutencao-manutencao-e-comercio-de-pecas-e-equipamentos","status":"publish","type":"page","link":"https:\/\/mimanutencao.com.br\/site\/","title":{"rendered":"M.I Manuten\u00e7\u00e3o &#8211; Manuten\u00e7\u00e3o e com\u00e9rcio de pe\u00e7as e equipamentos"},"content":{"rendered":"<p>M.I Manuten\u00e7\u00e3o &#8211; Desde 1999, o GRUPO M I, atende Empresas de pequeno, m\u00e9dio e grande porte,\u00a0em diversos servi\u00e7os de manuten\u00e7\u00e3o, reformas, projetos, compra e<br \/>\nvenda de pe\u00e7as e equipamentos.<br \/>\nPossui uma equipe de profissionais qualificados com vasta experi\u00eancia,\u00a0tendo refer\u00eancias de grandes e importantes Empresas do Brasil.<br \/>\nA partir de sua funda\u00e7\u00e3o, o GRUPO M I tem conquistado cada vez mais a confian\u00e7a de\u00a0seus Clientes com atendimento e acompanhamento dos seus servi\u00e7os.<br \/>\nPor isso est\u00e1 em constante evolu\u00e7\u00e3o buscando as melhores solu\u00e7\u00f5es para Empresas em geral.<\/p>\n<p>&nbsp;<\/p>\n<p><img loading=\"lazy\" decoding=\"async\" class=\"alignnone wp-image-88 size-full\" src=\"http:\/\/mimanutencao.com.br\/site\/wp-content\/uploads\/2016\/10\/slide01.jpg\" alt=\"Mi Manuten\u00e7\u00e3o\" width=\"1920\" height=\"610\" srcset=\"https:\/\/mimanutencao.com.br\/site\/wp-content\/uploads\/2016\/10\/slide01.jpg 1920w, https:\/\/mimanutencao.com.br\/site\/wp-content\/uploads\/2016\/10\/slide01-300x95.jpg 300w, https:\/\/mimanutencao.com.br\/site\/wp-content\/uploads\/2016\/10\/slide01-768x244.jpg 768w, https:\/\/mimanutencao.com.br\/site\/wp-content\/uploads\/2016\/10\/slide01-1024x325.jpg 1024w\" sizes=\"auto, (max-width: 1920px) 100vw, 1920px\" \/><\/p>\n","protected":false},"excerpt":{"rendered":"<p>M.I Manuten\u00e7\u00e3o &#8211; Desde 1999, o GRUPO M I, atende Empresas de pequeno, m\u00e9dio e grande porte,\u00a0em diversos servi\u00e7os de manuten\u00e7\u00e3o, reformas, projetos, compra e venda de pe\u00e7as e equipamentos. Possui uma equipe de profissionais qualificados com vasta experi\u00eancia,\u00a0tendo refer\u00eancias de grandes e importantes Empresas do Brasil. A partir de sua funda\u00e7\u00e3o, o GRUPO M [&hellip;]<\/p>\n","protected":false},"author":7,"featured_media":0,"parent":0,"menu_order":0,"comment_status":"closed","ping_status":"closed","template":"page-home.php","meta":{"_acf_changed":false,"footnotes":""},"class_list":["post-4","page","type-page","status-publish","hentry"],"acf":[],"yoast_head":"<!-- This site is optimized with the Yoast SEO plugin v27.3 - https:\/\/yoast.com\/product\/yoast-seo-wordpress\/ -->\n<title>M.I Manuten\u00e7\u00e3o - Manuten\u00e7\u00e3o e com\u00e9rcio de pe\u00e7as e equipamentos<\/title>\n<meta name=\"description\" content=\"Desde 1999, o GRUPO M.I Manuten\u00e7\u00e3o, atende Empresas de pequeno, m\u00e9dio e grande porte. manuten\u00e7\u00e3o, reformas, projetos, compra e venda de pe\u00e7as e equipamentos\" \/>\n<meta name=\"robots\" content=\"index, follow, max-snippet:-1, max-image-preview:large, max-video-preview:-1\" \/>\n<link rel=\"canonical\" href=\"https:\/\/mimanutencao.com.br\/site\/\" \/>\n<meta property=\"og:locale\" content=\"pt_BR\" \/>\n<meta property=\"og:type\" content=\"article\" \/>\n<meta property=\"og:title\" content=\"M.I Manuten\u00e7\u00e3o - Manuten\u00e7\u00e3o e com\u00e9rcio de pe\u00e7as e equipamentos\" \/>\n<meta property=\"og:description\" content=\"Desde 1999, o GRUPO M.I Manuten\u00e7\u00e3o, atende Empresas de pequeno, m\u00e9dio e grande porte. manuten\u00e7\u00e3o, reformas, projetos, compra e venda de pe\u00e7as e equipamentos\" \/>\n<meta property=\"og:url\" content=\"https:\/\/mimanutencao.com.br\/site\/\" \/>\n<meta property=\"og:site_name\" content=\"M.I Manuten\u00e7\u00e3o\" \/>\n<meta property=\"article:modified_time\" content=\"2016-10-25T14:01:10+00:00\" \/>\n<meta property=\"og:image\" content=\"http:\/\/mimanutencao.com.br\/site\/wp-content\/uploads\/2016\/10\/slide01.jpg\" \/>\n<meta name=\"twitter:card\" content=\"summary_large_image\" \/>\n<meta name=\"twitter:label1\" content=\"Est. tempo de leitura\" \/>\n\t<meta name=\"twitter:data1\" content=\"1 minuto\" \/>\n<script type=\"application\/ld+json\" class=\"yoast-schema-graph\">{\"@context\":\"https:\\\/\\\/schema.org\",\"@graph\":[{\"@type\":\"WebPage\",\"@id\":\"https:\\\/\\\/mimanutencao.com.br\\\/site\\\/\",\"url\":\"https:\\\/\\\/mimanutencao.com.br\\\/site\\\/\",\"name\":\"M.I Manuten\u00e7\u00e3o - Manuten\u00e7\u00e3o e com\u00e9rcio de pe\u00e7as e equipamentos\",\"isPartOf\":{\"@id\":\"https:\\\/\\\/mimanutencao.com.br\\\/site\\\/#website\"},\"primaryImageOfPage\":{\"@id\":\"https:\\\/\\\/mimanutencao.com.br\\\/site\\\/#primaryimage\"},\"image\":{\"@id\":\"https:\\\/\\\/mimanutencao.com.br\\\/site\\\/#primaryimage\"},\"thumbnailUrl\":\"http:\\\/\\\/mimanutencao.com.br\\\/site\\\/wp-content\\\/uploads\\\/2016\\\/10\\\/slide01.jpg\",\"datePublished\":\"2016-09-15T13:42:00+00:00\",\"dateModified\":\"2016-10-25T14:01:10+00:00\",\"description\":\"Desde 1999, o GRUPO M.I Manuten\u00e7\u00e3o, atende Empresas de pequeno, m\u00e9dio e grande porte. manuten\u00e7\u00e3o, reformas, projetos, compra e venda de pe\u00e7as e equipamentos\",\"breadcrumb\":{\"@id\":\"https:\\\/\\\/mimanutencao.com.br\\\/site\\\/#breadcrumb\"},\"inLanguage\":\"pt-BR\",\"potentialAction\":[{\"@type\":\"ReadAction\",\"target\":[\"https:\\\/\\\/mimanutencao.com.br\\\/site\\\/\"]}]},{\"@type\":\"ImageObject\",\"inLanguage\":\"pt-BR\",\"@id\":\"https:\\\/\\\/mimanutencao.com.br\\\/site\\\/#primaryimage\",\"url\":\"http:\\\/\\\/mimanutencao.com.br\\\/site\\\/wp-content\\\/uploads\\\/2016\\\/10\\\/slide01.jpg\",\"contentUrl\":\"http:\\\/\\\/mimanutencao.com.br\\\/site\\\/wp-content\\\/uploads\\\/2016\\\/10\\\/slide01.jpg\"},{\"@type\":\"BreadcrumbList\",\"@id\":\"https:\\\/\\\/mimanutencao.com.br\\\/site\\\/#breadcrumb\",\"itemListElement\":[{\"@type\":\"ListItem\",\"position\":1,\"name\":\"In\u00edcio\",\"item\":\"https:\\\/\\\/mimanutencao.com.br\\\/site\\\/\"},{\"@type\":\"ListItem\",\"position\":2,\"name\":\"M.I Manuten\u00e7\u00e3o &#8211; Manuten\u00e7\u00e3o e com\u00e9rcio de pe\u00e7as e equipamentos\"}]},{\"@type\":\"WebSite\",\"@id\":\"https:\\\/\\\/mimanutencao.com.br\\\/site\\\/#website\",\"url\":\"https:\\\/\\\/mimanutencao.com.br\\\/site\\\/\",\"name\":\"M.I Manuten\u00e7\u00e3o\",\"description\":\"\",\"publisher\":{\"@id\":\"https:\\\/\\\/mimanutencao.com.br\\\/site\\\/#organization\"},\"potentialAction\":[{\"@type\":\"SearchAction\",\"target\":{\"@type\":\"EntryPoint\",\"urlTemplate\":\"https:\\\/\\\/mimanutencao.com.br\\\/site\\\/?s={search_term_string}\"},\"query-input\":{\"@type\":\"PropertyValueSpecification\",\"valueRequired\":true,\"valueName\":\"search_term_string\"}}],\"inLanguage\":\"pt-BR\"},{\"@type\":\"Organization\",\"@id\":\"https:\\\/\\\/mimanutencao.com.br\\\/site\\\/#organization\",\"name\":\"M.I Manuten\u00e7\u00e3o\",\"url\":\"https:\\\/\\\/mimanutencao.com.br\\\/site\\\/\",\"logo\":{\"@type\":\"ImageObject\",\"inLanguage\":\"pt-BR\",\"@id\":\"https:\\\/\\\/mimanutencao.com.br\\\/site\\\/#\\\/schema\\\/logo\\\/image\\\/\",\"url\":\"https:\\\/\\\/mimanutencao.com.br\\\/site\\\/wp-content\\\/uploads\\\/2026\\\/02\\\/milogo.jpg\",\"contentUrl\":\"https:\\\/\\\/mimanutencao.com.br\\\/site\\\/wp-content\\\/uploads\\\/2026\\\/02\\\/milogo.jpg\",\"width\":305,\"height\":59,\"caption\":\"M.I Manuten\u00e7\u00e3o\"},\"image\":{\"@id\":\"https:\\\/\\\/mimanutencao.com.br\\\/site\\\/#\\\/schema\\\/logo\\\/image\\\/\"}}]}<\/script>\n<!-- \/ Yoast SEO plugin. -->","yoast_head_json":{"title":"M.I Manuten\u00e7\u00e3o - Manuten\u00e7\u00e3o e com\u00e9rcio de pe\u00e7as e equipamentos","description":"Desde 1999, o GRUPO M.I Manuten\u00e7\u00e3o, atende Empresas de pequeno, m\u00e9dio e grande porte. manuten\u00e7\u00e3o, reformas, projetos, compra e venda de pe\u00e7as e equipamentos","robots":{"index":"index","follow":"follow","max-snippet":"max-snippet:-1","max-image-preview":"max-image-preview:large","max-video-preview":"max-video-preview:-1"},"canonical":"https:\/\/mimanutencao.com.br\/site\/","og_locale":"pt_BR","og_type":"article","og_title":"M.I Manuten\u00e7\u00e3o - Manuten\u00e7\u00e3o e com\u00e9rcio de pe\u00e7as e equipamentos","og_description":"Desde 1999, o GRUPO M.I Manuten\u00e7\u00e3o, atende Empresas de pequeno, m\u00e9dio e grande porte. manuten\u00e7\u00e3o, reformas, projetos, compra e venda de pe\u00e7as e equipamentos","og_url":"https:\/\/mimanutencao.com.br\/site\/","og_site_name":"M.I Manuten\u00e7\u00e3o","article_modified_time":"2016-10-25T14:01:10+00:00","og_image":[{"url":"http:\/\/mimanutencao.com.br\/site\/wp-content\/uploads\/2016\/10\/slide01.jpg","type":"","width":"","height":""}],"twitter_card":"summary_large_image","twitter_misc":{"Est. tempo de leitura":"1 minuto"},"schema":{"@context":"https:\/\/schema.org","@graph":[{"@type":"WebPage","@id":"https:\/\/mimanutencao.com.br\/site\/","url":"https:\/\/mimanutencao.com.br\/site\/","name":"M.I Manuten\u00e7\u00e3o - Manuten\u00e7\u00e3o e com\u00e9rcio de pe\u00e7as e equipamentos","isPartOf":{"@id":"https:\/\/mimanutencao.com.br\/site\/#website"},"primaryImageOfPage":{"@id":"https:\/\/mimanutencao.com.br\/site\/#primaryimage"},"image":{"@id":"https:\/\/mimanutencao.com.br\/site\/#primaryimage"},"thumbnailUrl":"http:\/\/mimanutencao.com.br\/site\/wp-content\/uploads\/2016\/10\/slide01.jpg","datePublished":"2016-09-15T13:42:00+00:00","dateModified":"2016-10-25T14:01:10+00:00","description":"Desde 1999, o GRUPO M.I Manuten\u00e7\u00e3o, atende Empresas de pequeno, m\u00e9dio e grande porte. manuten\u00e7\u00e3o, reformas, projetos, compra e venda de pe\u00e7as e equipamentos","breadcrumb":{"@id":"https:\/\/mimanutencao.com.br\/site\/#breadcrumb"},"inLanguage":"pt-BR","potentialAction":[{"@type":"ReadAction","target":["https:\/\/mimanutencao.com.br\/site\/"]}]},{"@type":"ImageObject","inLanguage":"pt-BR","@id":"https:\/\/mimanutencao.com.br\/site\/#primaryimage","url":"http:\/\/mimanutencao.com.br\/site\/wp-content\/uploads\/2016\/10\/slide01.jpg","contentUrl":"http:\/\/mimanutencao.com.br\/site\/wp-content\/uploads\/2016\/10\/slide01.jpg"},{"@type":"BreadcrumbList","@id":"https:\/\/mimanutencao.com.br\/site\/#breadcrumb","itemListElement":[{"@type":"ListItem","position":1,"name":"In\u00edcio","item":"https:\/\/mimanutencao.com.br\/site\/"},{"@type":"ListItem","position":2,"name":"M.I Manuten\u00e7\u00e3o &#8211; Manuten\u00e7\u00e3o e com\u00e9rcio de pe\u00e7as e equipamentos"}]},{"@type":"WebSite","@id":"https:\/\/mimanutencao.com.br\/site\/#website","url":"https:\/\/mimanutencao.com.br\/site\/","name":"M.I Manuten\u00e7\u00e3o","description":"","publisher":{"@id":"https:\/\/mimanutencao.com.br\/site\/#organization"},"potentialAction":[{"@type":"SearchAction","target":{"@type":"EntryPoint","urlTemplate":"https:\/\/mimanutencao.com.br\/site\/?s={search_term_string}"},"query-input":{"@type":"PropertyValueSpecification","valueRequired":true,"valueName":"search_term_string"}}],"inLanguage":"pt-BR"},{"@type":"Organization","@id":"https:\/\/mimanutencao.com.br\/site\/#organization","name":"M.I Manuten\u00e7\u00e3o","url":"https:\/\/mimanutencao.com.br\/site\/","logo":{"@type":"ImageObject","inLanguage":"pt-BR","@id":"https:\/\/mimanutencao.com.br\/site\/#\/schema\/logo\/image\/","url":"https:\/\/mimanutencao.com.br\/site\/wp-content\/uploads\/2026\/02\/milogo.jpg","contentUrl":"https:\/\/mimanutencao.com.br\/site\/wp-content\/uploads\/2026\/02\/milogo.jpg","width":305,"height":59,"caption":"M.I Manuten\u00e7\u00e3o"},"image":{"@id":"https:\/\/mimanutencao.com.br\/site\/#\/schema\/logo\/image\/"}}]}},"_links":{"self":[{"href":"https:\/\/mimanutencao.com.br\/site\/wp-json\/wp\/v2\/pages\/4","targetHints":{"allow":["GET"]}}],"collection":[{"href":"https:\/\/mimanutencao.com.br\/site\/wp-json\/wp\/v2\/pages"}],"about":[{"href":"https:\/\/mimanutencao.com.br\/site\/wp-json\/wp\/v2\/types\/page"}],"author":[{"embeddable":true,"href":"https:\/\/mimanutencao.com.br\/site\/wp-json\/wp\/v2\/users\/7"}],"replies":[{"embeddable":true,"href":"https:\/\/mimanutencao.com.br\/site\/wp-json\/wp\/v2\/comments?post=4"}],"version-history":[{"count":5,"href":"https:\/\/mimanutencao.com.br\/site\/wp-json\/wp\/v2\/pages\/4\/revisions"}],"predecessor-version":[{"id":149,"href":"https:\/\/mimanutencao.com.br\/site\/wp-json\/wp\/v2\/pages\/4\/revisions\/149"}],"wp:attachment":[{"href":"https:\/\/mimanutencao.com.br\/site\/wp-json\/wp\/v2\/media?parent=4"}],"curies":[{"name":"wp","href":"https:\/\/api.w.org\/{rel}","templated":true}]}}